{"id":717,"date":"2022-04-07T23:12:05","date_gmt":"2022-04-07T23:12:05","guid":{"rendered":"https:\/\/3.236.142.92\/?page_id=717"},"modified":"2022-04-07T23:15:22","modified_gmt":"2022-04-07T23:15:22","slug":"sobre-a-conta-da-luz","status":"publish","type":"page","link":"https:\/\/sualuz.com.br\/blog\/sobre-a-conta-da-luz\/","title":{"rendered":"Sobre a conta da Luz"},"content":{"rendered":"","protected":false},"excerpt":{"rendered":"","protected":false},"author":1,"featured_media":0,"parent":0,"menu_order":0,"comment_status":"closed","ping_status":"closed","template":"","meta":{"footnotes":""},"class_list":["post-717","page","type-page","status-publish","hentry"],"acf":{"faq_questions":[{"ask":"Por que recebo duas contas, a da distribuidora e a da LUZ?","resposta":"A conta da LUZ \u00e9 referente a quantidade de luz (energia el\u00e9trica) que voc\u00ea consome. A conta da distribuidora \u00e9 referente ao servi\u00e7o de distribui\u00e7\u00e3o de energia que ela continua oferecendo para voc\u00ea mesmo depois de voc\u00ea mudar para a LUZ."},{"ask":"Tenho um erro na fatura","resposta":"Pedimos desculpas pelo transtorno. Entre em contato com nossa central de atendimento clicando aqui que vamos solucionar seu problema."},{"ask":"O que comp\u00f5e minha tarifa de conta de energia da LUZ?","resposta":"A sua conta de luz \u00e9 a soma do custo da energia que voc\u00ea consumiu, mais tributos. \u00c9 bem mais simples do que aparenta."},{"ask":"Como sei quanto eu consumi este m\u00eas\/minha m\u00e9dia de consumo?","resposta":"Pelo nosso aplicativo, voc\u00ea tem o controle na palma de sua m\u00e3o.Nele, voc\u00ea consulta seu consumo do m\u00eas, do \u00faltimo dia, sua m\u00e9dia mensal etc. Al\u00e9m disso tem acesso \u00e0s suas faturas, 2a via de boleto e outros servi\u00e7os. \u00c9 simples, f\u00e1cil e digital."},{"ask":"Como meu desconto \u00e9 calculado?","resposta":"A LUZ faz uma an\u00e1lise de quanto voc\u00ea gastaria junto a sua distribuidora e aplica o % de desconto contratado por voc\u00ea, sem surpresas nem pegadinhas. Simples, n\u00e9?"}]},"yoast_head":"<!-- This site is optimized with the Yoast SEO plugin v26.8 - https:\/\/yoast.com\/product\/yoast-seo-wordpress\/ -->\n<title>Sobre a conta da Luz &#8226; Luz<\/title>\n<meta name=\"robots\" content=\"noindex, follow\" \/>\n<meta property=\"og:locale\" content=\"pt_BR\" \/>\n<meta property=\"og:type\" content=\"article\" \/>\n<meta property=\"og:title\" content=\"Sobre a conta da Luz &#8226; Luz\" \/>\n<meta property=\"og:url\" content=\"https:\/\/sualuz.com.br\/blog\/sobre-a-conta-da-luz\/\" \/>\n<meta property=\"og:site_name\" content=\"Luz\" \/>\n<meta property=\"article:modified_time\" content=\"2022-04-07T23:15:22+00:00\" \/>\n<meta name=\"twitter:card\" content=\"summary_large_image\" \/>\n<script type=\"application\/ld+json\" class=\"yoast-schema-graph\">{\"@context\":\"https:\/\/schema.org\",\"@graph\":[{\"@type\":\"WebPage\",\"@id\":\"https:\/\/sualuz.com.br\/blog\/sobre-a-conta-da-luz\/\",\"url\":\"https:\/\/sualuz.com.br\/blog\/sobre-a-conta-da-luz\/\",\"name\":\"Sobre a conta da Luz &#8226; Luz\",\"isPartOf\":{\"@id\":\"https:\/\/sualuz.com.br\/blog\/#website\"},\"datePublished\":\"2022-04-07T23:12:05+00:00\",\"dateModified\":\"2022-04-07T23:15:22+00:00\",\"breadcrumb\":{\"@id\":\"https:\/\/sualuz.com.br\/blog\/sobre-a-conta-da-luz\/#breadcrumb\"},\"inLanguage\":\"pt-BR\",\"potentialAction\":[{\"@type\":\"ReadAction\",\"target\":[\"https:\/\/sualuz.com.br\/blog\/sobre-a-conta-da-luz\/\"]}]},{\"@type\":\"BreadcrumbList\",\"@id\":\"https:\/\/sualuz.com.br\/blog\/sobre-a-conta-da-luz\/#breadcrumb\",\"itemListElement\":[{\"@type\":\"ListItem\",\"position\":1,\"name\":\"In\u00edcio\",\"item\":\"https:\/\/sualuz.com.br\/blog\/\"},{\"@type\":\"ListItem\",\"position\":2,\"name\":\"Sobre a conta da Luz\"}]},{\"@type\":\"WebSite\",\"@id\":\"https:\/\/sualuz.com.br\/blog\/#website\",\"url\":\"https:\/\/sualuz.com.br\/blog\/\",\"name\":\"LUZ\",\"description\":\"\",\"publisher\":{\"@id\":\"https:\/\/sualuz.com.br\/blog\/#organization\"},\"potentialAction\":[{\"@type\":\"SearchAction\",\"target\":{\"@type\":\"EntryPoint\",\"urlTemplate\":\"https:\/\/sualuz.com.br\/blog\/?s={search_term_string}\"},\"query-input\":{\"@type\":\"PropertyValueSpecification\",\"valueRequired\":true,\"valueName\":\"search_term_string\"}}],\"inLanguage\":\"pt-BR\"},{\"@type\":\"Organization\",\"@id\":\"https:\/\/sualuz.com.br\/blog\/#organization\",\"name\":\"LUZ\",\"url\":\"https:\/\/sualuz.com.br\/blog\/\",\"logo\":{\"@type\":\"ImageObject\",\"inLanguage\":\"pt-BR\",\"@id\":\"https:\/\/sualuz.com.br\/blog\/#\/schema\/logo\/image\/\",\"url\":\"https:\/\/sualuz.com.br\/blog\/wp-content\/uploads\/2025\/01\/sua-luz-favicon-flat.png\",\"contentUrl\":\"https:\/\/sualuz.com.br\/blog\/wp-content\/uploads\/2025\/01\/sua-luz-favicon-flat.png\",\"width\":512,\"height\":512,\"caption\":\"LUZ\"},\"image\":{\"@id\":\"https:\/\/sualuz.com.br\/blog\/#\/schema\/logo\/image\/\"}}]}<\/script>\n<!-- \/ Yoast SEO plugin. -->","yoast_head_json":{"title":"Sobre a conta da Luz &#8226; Luz","robots":{"index":"noindex","follow":"follow"},"og_locale":"pt_BR","og_type":"article","og_title":"Sobre a conta da Luz &#8226; Luz","og_url":"https:\/\/sualuz.com.br\/blog\/sobre-a-conta-da-luz\/","og_site_name":"Luz","article_modified_time":"2022-04-07T23:15:22+00:00","twitter_card":"summary_large_image","schema":{"@context":"https:\/\/schema.org","@graph":[{"@type":"WebPage","@id":"https:\/\/sualuz.com.br\/blog\/sobre-a-conta-da-luz\/","url":"https:\/\/sualuz.com.br\/blog\/sobre-a-conta-da-luz\/","name":"Sobre a conta da Luz &#8226; Luz","isPartOf":{"@id":"https:\/\/sualuz.com.br\/blog\/#website"},"datePublished":"2022-04-07T23:12:05+00:00","dateModified":"2022-04-07T23:15:22+00:00","breadcrumb":{"@id":"https:\/\/sualuz.com.br\/blog\/sobre-a-conta-da-luz\/#breadcrumb"},"inLanguage":"pt-BR","potentialAction":[{"@type":"ReadAction","target":["https:\/\/sualuz.com.br\/blog\/sobre-a-conta-da-luz\/"]}]},{"@type":"BreadcrumbList","@id":"https:\/\/sualuz.com.br\/blog\/sobre-a-conta-da-luz\/#breadcrumb","itemListElement":[{"@type":"ListItem","position":1,"name":"In\u00edcio","item":"https:\/\/sualuz.com.br\/blog\/"},{"@type":"ListItem","position":2,"name":"Sobre a conta da Luz"}]},{"@type":"WebSite","@id":"https:\/\/sualuz.com.br\/blog\/#website","url":"https:\/\/sualuz.com.br\/blog\/","name":"LUZ","description":"","publisher":{"@id":"https:\/\/sualuz.com.br\/blog\/#organization"},"potentialAction":[{"@type":"SearchAction","target":{"@type":"EntryPoint","urlTemplate":"https:\/\/sualuz.com.br\/blog\/?s={search_term_string}"},"query-input":{"@type":"PropertyValueSpecification","valueRequired":true,"valueName":"search_term_string"}}],"inLanguage":"pt-BR"},{"@type":"Organization","@id":"https:\/\/sualuz.com.br\/blog\/#organization","name":"LUZ","url":"https:\/\/sualuz.com.br\/blog\/","logo":{"@type":"ImageObject","inLanguage":"pt-BR","@id":"https:\/\/sualuz.com.br\/blog\/#\/schema\/logo\/image\/","url":"https:\/\/sualuz.com.br\/blog\/wp-content\/uploads\/2025\/01\/sua-luz-favicon-flat.png","contentUrl":"https:\/\/sualuz.com.br\/blog\/wp-content\/uploads\/2025\/01\/sua-luz-favicon-flat.png","width":512,"height":512,"caption":"LUZ"},"image":{"@id":"https:\/\/sualuz.com.br\/blog\/#\/schema\/logo\/image\/"}}]}},"_links":{"self":[{"href":"https:\/\/sualuz.com.br\/blog\/wp-json\/wp\/v2\/pages\/717","targetHints":{"allow":["GET"]}}],"collection":[{"href":"https:\/\/sualuz.com.br\/blog\/wp-json\/wp\/v2\/pages"}],"about":[{"href":"https:\/\/sualuz.com.br\/blog\/wp-json\/wp\/v2\/types\/page"}],"author":[{"embeddable":true,"href":"https:\/\/sualuz.com.br\/blog\/wp-json\/wp\/v2\/users\/1"}],"replies":[{"embeddable":true,"href":"https:\/\/sualuz.com.br\/blog\/wp-json\/wp\/v2\/comments?post=717"}],"version-history":[{"count":2,"href":"https:\/\/sualuz.com.br\/blog\/wp-json\/wp\/v2\/pages\/717\/revisions"}],"predecessor-version":[{"id":719,"href":"https:\/\/sualuz.com.br\/blog\/wp-json\/wp\/v2\/pages\/717\/revisions\/719"}],"wp:attachment":[{"href":"https:\/\/sualuz.com.br\/blog\/wp-json\/wp\/v2\/media?parent=717"}],"curies":[{"name":"wp","href":"https:\/\/api.w.org\/{rel}","templated":true}]}}