{"id":701,"date":"2022-04-07T18:06:01","date_gmt":"2022-04-07T18:06:01","guid":{"rendered":"https:\/\/3.236.142.92\/?page_id=701"},"modified":"2023-03-17T14:53:09","modified_gmt":"2023-03-17T17:53:09","slug":"sobre-a-luz","status":"publish","type":"page","link":"https:\/\/sualuz.com.br\/blog\/sobre-a-luz\/","title":{"rendered":"Sobre a LUZ"},"content":{"rendered":"","protected":false},"excerpt":{"rendered":"","protected":false},"author":1,"featured_media":0,"parent":0,"menu_order":0,"comment_status":"closed","ping_status":"closed","template":"","meta":{"footnotes":""},"class_list":["post-701","page","type-page","status-publish","hentry"],"acf":{"faq_questions":[{"ask":"O que \u00e9 a LUZ?","resposta":"A LUZ \u00e9 uma operadora digital de energia. Entregamos solu\u00e7\u00f5es que permitem ao consumidor ter um controle real de seu consumo de energia, na palma da m\u00e3o. Sem contar a economia mensal que voc\u00ea vai poder ver na sua conta de energia. Imperd\u00edvel!"},{"ask":"A LUZ gera ou produz energia?","resposta":"A LUZ \u00e9 uma operadora digital de energia. N\u00f3s negociamos energia diretamente com empresas geradoras (usinas hidroel\u00e9tricas, e\u00f3licas, solares). Com isso nossos clientes tem acesso a energia renov\u00e1vel com valores muito atrativos. Quer conferir?"},{"ask":"A LUZ distribui energia?","resposta":"A energia vai continuar chegando at\u00e9 voc\u00ea da mesma forma que hoje, entregue por sua distribuidora. O que muda \u00e9 que a LUZ passa a ser sua operadora de energia, onde voc\u00ea pode contratar um plano com um desconto feito para voc\u00ea."},{"ask":"A LUZ tem aplicativo?","resposta":"Sim, somos uma empresa 100% digital. Baixe aqui o nosso aplicativo . Voc\u00ea poder\u00e1 ter todos os dados de consumo e fatura na palma da sua m\u00e3o. Simples e pr\u00e1tico."},{"ask":"Voc\u00eas possuem atendimento para pessoas com necessidades especiais?","resposta":"N\u00f3s somos uma empresa que nos preocupamos com as inclus\u00f5es. Buscamos novas solu\u00e7\u00f5es para facilitar e atender todo e qualquer tipo de cliente, independente de sua necessidade especial. Nosso site est\u00e1 adequado para o sistema de leitura autom\u00e1tica e possuimos o Handtalk que permite a visualiza\u00e7\u00e3o da informa\u00e7\u00e3o em Libras. (atendimento??)"},{"ask":"Como a LUZ consegue garantir esta economia?","resposta":"Por sermos uma operadora digital de energia, compramos energia diretamente de empresas geradoras (usinas hidroel\u00e9tricas, e\u00f3licas, solares) de maneira eficiente e revendemos aos nossos clientes LUZ. Nosso conhecimento no mercado de energia nos permite fechar os melhores neg\u00f3cios."},{"ask":"Quem s\u00e3o os clientes da LUZ?","resposta":"Nossos clientes s\u00e3o empresas que se adequam aos requisitos da legisla\u00e7\u00e3o brasileira de energia. Para demais empresas e resid\u00eancias teremos um solu\u00e7\u00e3o em breve, aguarde nossas novidades!!!"},{"ask":"Quero ser fornecedor ou parceiro da LUZ (entrar na parte de parceiros)","resposta":"Que legal! Nos envie um email para: parceiros@sualuz.com.br"}]},"yoast_head":"<!-- This site is optimized with the Yoast SEO plugin v26.8 - https:\/\/yoast.com\/product\/yoast-seo-wordpress\/ -->\n<title>Sobre a LUZ &#8226; LUZ<\/title>\n<meta name=\"description\" content=\"Com a LUZ voc\u00ea tem desconto garantido na conta e consegue acompanhar seu consumo de energia em tempo real atrav\u00e9s do APP. Mude para a LUZ!\" \/>\n<meta name=\"robots\" content=\"noindex, follow\" \/>\n<meta property=\"og:locale\" content=\"pt_BR\" \/>\n<meta property=\"og:type\" content=\"article\" \/>\n<meta property=\"og:title\" content=\"Sobre a LUZ &#8226; LUZ\" \/>\n<meta property=\"og:description\" content=\"Com a LUZ voc\u00ea tem desconto garantido na conta e consegue acompanhar seu consumo de energia em tempo real atrav\u00e9s do APP. Mude para a LUZ!\" \/>\n<meta property=\"og:url\" content=\"https:\/\/sualuz.com.br\/blog\/sobre-a-luz\/\" \/>\n<meta property=\"og:site_name\" content=\"Luz\" \/>\n<meta property=\"article:modified_time\" content=\"2023-03-17T17:53:09+00:00\" \/>\n<meta name=\"twitter:card\" content=\"summary_large_image\" \/>\n<script type=\"application\/ld+json\" class=\"yoast-schema-graph\">{\"@context\":\"https:\/\/schema.org\",\"@graph\":[{\"@type\":\"WebPage\",\"@id\":\"https:\/\/sualuz.com.br\/blog\/sobre-a-luz\/\",\"url\":\"https:\/\/sualuz.com.br\/blog\/sobre-a-luz\/\",\"name\":\"Sobre a LUZ &#8226; LUZ\",\"isPartOf\":{\"@id\":\"https:\/\/sualuz.com.br\/blog\/#website\"},\"datePublished\":\"2022-04-07T18:06:01+00:00\",\"dateModified\":\"2023-03-17T17:53:09+00:00\",\"description\":\"Com a LUZ voc\u00ea tem desconto garantido na conta e consegue acompanhar seu consumo de energia em tempo real atrav\u00e9s do APP. Mude para a LUZ!\",\"breadcrumb\":{\"@id\":\"https:\/\/sualuz.com.br\/blog\/sobre-a-luz\/#breadcrumb\"},\"inLanguage\":\"pt-BR\",\"potentialAction\":[{\"@type\":\"ReadAction\",\"target\":[\"https:\/\/sualuz.com.br\/blog\/sobre-a-luz\/\"]}]},{\"@type\":\"BreadcrumbList\",\"@id\":\"https:\/\/sualuz.com.br\/blog\/sobre-a-luz\/#breadcrumb\",\"itemListElement\":[{\"@type\":\"ListItem\",\"position\":1,\"name\":\"In\u00edcio\",\"item\":\"https:\/\/sualuz.com.br\/blog\/\"},{\"@type\":\"ListItem\",\"position\":2,\"name\":\"Sobre a LUZ\"}]},{\"@type\":\"WebSite\",\"@id\":\"https:\/\/sualuz.com.br\/blog\/#website\",\"url\":\"https:\/\/sualuz.com.br\/blog\/\",\"name\":\"LUZ\",\"description\":\"\",\"publisher\":{\"@id\":\"https:\/\/sualuz.com.br\/blog\/#organization\"},\"potentialAction\":[{\"@type\":\"SearchAction\",\"target\":{\"@type\":\"EntryPoint\",\"urlTemplate\":\"https:\/\/sualuz.com.br\/blog\/?s={search_term_string}\"},\"query-input\":{\"@type\":\"PropertyValueSpecification\",\"valueRequired\":true,\"valueName\":\"search_term_string\"}}],\"inLanguage\":\"pt-BR\"},{\"@type\":\"Organization\",\"@id\":\"https:\/\/sualuz.com.br\/blog\/#organization\",\"name\":\"LUZ\",\"url\":\"https:\/\/sualuz.com.br\/blog\/\",\"logo\":{\"@type\":\"ImageObject\",\"inLanguage\":\"pt-BR\",\"@id\":\"https:\/\/sualuz.com.br\/blog\/#\/schema\/logo\/image\/\",\"url\":\"https:\/\/sualuz.com.br\/blog\/wp-content\/uploads\/2025\/01\/sua-luz-favicon-flat.png\",\"contentUrl\":\"https:\/\/sualuz.com.br\/blog\/wp-content\/uploads\/2025\/01\/sua-luz-favicon-flat.png\",\"width\":512,\"height\":512,\"caption\":\"LUZ\"},\"image\":{\"@id\":\"https:\/\/sualuz.com.br\/blog\/#\/schema\/logo\/image\/\"}}]}<\/script>\n<!-- \/ Yoast SEO plugin. -->","yoast_head_json":{"title":"Sobre a LUZ &#8226; LUZ","description":"Com a LUZ voc\u00ea tem desconto garantido na conta e consegue acompanhar seu consumo de energia em tempo real atrav\u00e9s do APP. Mude para a LUZ!","robots":{"index":"noindex","follow":"follow"},"og_locale":"pt_BR","og_type":"article","og_title":"Sobre a LUZ &#8226; LUZ","og_description":"Com a LUZ voc\u00ea tem desconto garantido na conta e consegue acompanhar seu consumo de energia em tempo real atrav\u00e9s do APP. Mude para a LUZ!","og_url":"https:\/\/sualuz.com.br\/blog\/sobre-a-luz\/","og_site_name":"Luz","article_modified_time":"2023-03-17T17:53:09+00:00","twitter_card":"summary_large_image","schema":{"@context":"https:\/\/schema.org","@graph":[{"@type":"WebPage","@id":"https:\/\/sualuz.com.br\/blog\/sobre-a-luz\/","url":"https:\/\/sualuz.com.br\/blog\/sobre-a-luz\/","name":"Sobre a LUZ &#8226; LUZ","isPartOf":{"@id":"https:\/\/sualuz.com.br\/blog\/#website"},"datePublished":"2022-04-07T18:06:01+00:00","dateModified":"2023-03-17T17:53:09+00:00","description":"Com a LUZ voc\u00ea tem desconto garantido na conta e consegue acompanhar seu consumo de energia em tempo real atrav\u00e9s do APP. Mude para a LUZ!","breadcrumb":{"@id":"https:\/\/sualuz.com.br\/blog\/sobre-a-luz\/#breadcrumb"},"inLanguage":"pt-BR","potentialAction":[{"@type":"ReadAction","target":["https:\/\/sualuz.com.br\/blog\/sobre-a-luz\/"]}]},{"@type":"BreadcrumbList","@id":"https:\/\/sualuz.com.br\/blog\/sobre-a-luz\/#breadcrumb","itemListElement":[{"@type":"ListItem","position":1,"name":"In\u00edcio","item":"https:\/\/sualuz.com.br\/blog\/"},{"@type":"ListItem","position":2,"name":"Sobre a LUZ"}]},{"@type":"WebSite","@id":"https:\/\/sualuz.com.br\/blog\/#website","url":"https:\/\/sualuz.com.br\/blog\/","name":"LUZ","description":"","publisher":{"@id":"https:\/\/sualuz.com.br\/blog\/#organization"},"potentialAction":[{"@type":"SearchAction","target":{"@type":"EntryPoint","urlTemplate":"https:\/\/sualuz.com.br\/blog\/?s={search_term_string}"},"query-input":{"@type":"PropertyValueSpecification","valueRequired":true,"valueName":"search_term_string"}}],"inLanguage":"pt-BR"},{"@type":"Organization","@id":"https:\/\/sualuz.com.br\/blog\/#organization","name":"LUZ","url":"https:\/\/sualuz.com.br\/blog\/","logo":{"@type":"ImageObject","inLanguage":"pt-BR","@id":"https:\/\/sualuz.com.br\/blog\/#\/schema\/logo\/image\/","url":"https:\/\/sualuz.com.br\/blog\/wp-content\/uploads\/2025\/01\/sua-luz-favicon-flat.png","contentUrl":"https:\/\/sualuz.com.br\/blog\/wp-content\/uploads\/2025\/01\/sua-luz-favicon-flat.png","width":512,"height":512,"caption":"LUZ"},"image":{"@id":"https:\/\/sualuz.com.br\/blog\/#\/schema\/logo\/image\/"}}]}},"_links":{"self":[{"href":"https:\/\/sualuz.com.br\/blog\/wp-json\/wp\/v2\/pages\/701","targetHints":{"allow":["GET"]}}],"collection":[{"href":"https:\/\/sualuz.com.br\/blog\/wp-json\/wp\/v2\/pages"}],"about":[{"href":"https:\/\/sualuz.com.br\/blog\/wp-json\/wp\/v2\/types\/page"}],"author":[{"embeddable":true,"href":"https:\/\/sualuz.com.br\/blog\/wp-json\/wp\/v2\/users\/1"}],"replies":[{"embeddable":true,"href":"https:\/\/sualuz.com.br\/blog\/wp-json\/wp\/v2\/comments?post=701"}],"version-history":[{"count":3,"href":"https:\/\/sualuz.com.br\/blog\/wp-json\/wp\/v2\/pages\/701\/revisions"}],"predecessor-version":[{"id":707,"href":"https:\/\/sualuz.com.br\/blog\/wp-json\/wp\/v2\/pages\/701\/revisions\/707"}],"wp:attachment":[{"href":"https:\/\/sualuz.com.br\/blog\/wp-json\/wp\/v2\/media?parent=701"}],"curies":[{"name":"wp","href":"https:\/\/api.w.org\/{rel}","templated":true}]}}